{"id":1795,"date":"2015-11-19T12:25:13","date_gmt":"2015-11-19T10:25:13","guid":{"rendered":"https:\/\/www.antonjung.com\/?page_id=1795"},"modified":"2019-01-10T12:19:48","modified_gmt":"2019-01-10T10:19:48","slug":"anton_jung","status":"publish","type":"page","link":"https:\/\/www.antonjung.com\/en\/anton_jung\/","title":{"rendered":"Anton Jung"},"content":{"rendered":"<p>[vc_row][vc_column width=&#8221;1\/6&#8243;][\/vc_column][vc_column width=&#8221;2\/3&#8243;][vc_column_text css_animation=&#8221;fadeIn&#8221;]<\/p>\n<h3 style=\"text-align: center;\">Anton Jung<\/h3>\n<h4 style=\"text-align: center;\"><span style=\"font-family: 'Josefin Sans'; font-weight: 300; font-size: 14pt; color: #333333;\">Herzlich Willkommen auf meinem Portfolio. Auf meiner Seite stelle ich die Arbeiten vor, an welchen ich \u00fcber Jahre in verschiedenen Werbeagenturen gearbeitet habe. Meine Kernkompetenz liegt innerhalb der Motion Design Kampagnen, gefolgt von der digitalen Welt mit Banner, Web, Social Media und Ideen. Sollte Ihnen etwas gefallen oder Sie haben fragen an mich, so schreiben Sie mich gerne an.<br \/>\n<\/span><span style=\"font-family: 'Josefin Sans'; font-weight: 300; font-size: 14pt; color: #333333;\"><span style=\"font-family: 'Josefin Sans'; font-weight: 400; font-size: 14pt; color: #333333;\">info@antonjung.com<\/span><\/span><\/h4>\n<p>[\/vc_column_text]<hr class=\"small\">[vc_separator el_width=&#8221;10&#8243; css_animation=&#8221;fadeIn&#8221;]<hr class=\"small\">[\/vc_column][vc_column width=&#8221;1\/6&#8243;][\/vc_column][\/vc_row][vc_section full_width=&#8221;stretch_row&#8221; parallax=&#8221;content-moving&#8221; parallax_image=&#8221;2374&#8243; parallax_speed_bg=&#8221;2&#8243;][vc_row][vc_column]<hr><hr><hr>[\/vc_column][\/vc_row][\/vc_section][vc_row][vc_column]<hr class=\"small\"><hr class=\"small\"><hr class=\"small\">[\/vc_column][\/vc_row][vc_row][vc_column][vc_column_text css_animation=&#8221;fadeInDown&#8221;]<\/p>\n<h3 style=\"text-align: center;\">Programme<\/h3>\n<h4 style=\"text-align: center;\"><span style=\"font-family: 'Josefin Sans'; font-weight: 300; font-size: 14pt; color: #333333;\">Hier finden Sie einen \u00dcberblick \u00fcber die Programme, mit welchem ich t\u00e4glich in verschiedenen Bereichen arbeite.<\/span><\/h4>\n<p>[\/vc_column_text][\/vc_column][\/vc_row][vc_row][vc_column]<hr class=\"small\">[\/vc_column][\/vc_row][vc_row][vc_column width=&#8221;1\/4&#8243; css=&#8221;.vc_custom_1537270107827{padding-right: 40px !important;padding-left: 40px !important;}&#8221;]<ul class=\"progress-bar\"><li><p>Photoshop<\/p><div class=\"bar-wrap\"><span data-width=\"99\"><strong><i>99<\/i>%<\/strong> <\/span><\/div><\/li><li><p>After Effects<\/p><div class=\"bar-wrap\"><span data-width=\"99\"><strong><i>99<\/i>%<\/strong> <\/span><\/div><\/li><li><p>Premiere Pro<\/p><div class=\"bar-wrap\"><span data-width=\"99\"><strong><i>99<\/i>%<\/strong> <\/span><\/div><\/li><\/ul>[\/vc_column][vc_column width=&#8221;1\/4&#8243; css=&#8221;.vc_custom_1537270128883{padding-right: 40px !important;padding-left: 40px !important;}&#8221;]<ul class=\"progress-bar\"><li><p>Media Encoder<\/p><div class=\"bar-wrap\"><span data-width=\"99\"><strong><i>99<\/i>%<\/strong> <\/span><\/div><\/li><li><p>Illustrator<\/p><div class=\"bar-wrap\"><span data-width=\"89\"><strong><i>89<\/i>%<\/strong> <\/span><\/div><\/li><li><p>InDesign<\/p><div class=\"bar-wrap\"><span data-width=\"80\"><strong><i>80<\/i>%<\/strong> <\/span><\/div><\/li><\/ul>[\/vc_column][vc_column width=&#8221;1\/4&#8243; css=&#8221;.vc_custom_1537270134857{padding-right: 40px !important;padding-left: 40px !important;}&#8221;]<ul class=\"progress-bar\"><li><p>Flash\/Animate<\/p><div class=\"bar-wrap\"><span data-width=\"80\"><strong><i>80<\/i>%<\/strong> <\/span><\/div><\/li><li><p>Google Web Designer<\/p><div class=\"bar-wrap\"><span data-width=\"90\"><strong><i>90<\/i>%<\/strong> <\/span><\/div><\/li><li><p>Lightroom<\/p><div class=\"bar-wrap\"><span data-width=\"80\"><strong><i>80<\/i>%<\/strong> <\/span><\/div><\/li><\/ul>[\/vc_column][vc_column width=&#8221;1\/4&#8243; css=&#8221;.vc_custom_1537270140955{padding-right: 40px !important;padding-left: 40px !important;}&#8221;]<ul class=\"progress-bar\"><li><p>Final Cut<\/p><div class=\"bar-wrap\"><span data-width=\"99\"><strong><i>99<\/i>%<\/strong> <\/span><\/div><\/li><li><p>Cinema 4D<\/p><div class=\"bar-wrap\"><span data-width=\"80\"><strong><i>80<\/i>%<\/strong> <\/span><\/div><\/li><li><p>Audition<\/p><div class=\"bar-wrap\"><span data-width=\"99\"><strong><i>99<\/i>%<\/strong> <\/span><\/div><\/li><\/ul>[\/vc_column][\/vc_row][vc_row][vc_column]<hr class=\"small\"><hr class=\"small\">[\/vc_column][\/vc_row][vc_row][vc_column]<hr class=\"small\">[\/vc_column][\/vc_row][vc_section full_width=&#8221;stretch_row&#8221; css=&#8221;.vc_custom_1540211215474{background-color: #f9f9f9 !important;}&#8221;][vc_row][vc_column]<hr class=\"small\"><hr class=\"small\">[\/vc_column][\/vc_row][vc_row][vc_column][vc_column_text css_animation=&#8221;fadeInDown&#8221;]<\/p>\n<h3 style=\"text-align: center;\">Kernkompetemz<\/h3>\n<h4 style=\"text-align: center;\"><span style=\"font-family: 'Josefin Sans'; font-weight: 300; font-size: 14pt; color: #333333;\">Das sind die Themenbereiche in denen ich h\u00f6chsten Anspr\u00fcchen gerecht werde. Die absolute Kernkompetenz bildet der Bereich \u201eMotion Design \/ Video\u201c.<\/span><\/h4>\n<p>[\/vc_column_text][\/vc_column][\/vc_row][vc_row][vc_column]<hr class=\"small\">[\/vc_column][\/vc_row][vc_row][vc_column width=&#8221;1\/3&#8243;][vc_icon icon_fontawesome=&#8221;fa fa-video-camera&#8221; color=&#8221;custom&#8221; background_style=&#8221;rounded&#8221; background_color=&#8221;black&#8221; size=&#8221;xl&#8221; align=&#8221;center&#8221; css_animation=&#8221;bounceIn&#8221; custom_color=&#8221;#ffffff&#8221;][vc_column_text]<\/p>\n<h4 style=\"text-align: center;\"><span style=\"font-family: 'Josefin Sans'; font-size: 14pt; color: #333333;\"><span style=\"font-family: 'Josefin Sans'; font-weight: 400; font-size: 14pt; color: #333333;\">Motion Design \/ Film<\/span><\/span><\/h4>\n<h4 style=\"text-align: center;\"><span style=\"font-family: 'Josefin Sans'; font-weight: 300; font-size: 14pt; color: #333333;\">\u2022 Konzeption<br \/>\n\u2022 Erstellung von Storyboards<br \/>\n\u2022 Umsetzung der Gestaltung<br \/>\n\u2022 \u00dcberwachung der Prozesse<br \/>\n\u2022 2D\/3D Motion Design \/ Direktion<br \/>\n\u2022 Renderings<br \/>\n\u2022 Schnitt<br \/>\n\u2022 Postproduction<br \/>\n\u2022 Animated Stills<br \/>\n\u2022 Kinetic Typographie<br \/>\n\u2022 Charakter Animation<\/span><\/h4>\n<p>[\/vc_column_text][\/vc_column][vc_column width=&#8221;1\/3&#8243;][vc_icon icon_fontawesome=&#8221;fa fa-trello&#8221; color=&#8221;custom&#8221; background_style=&#8221;rounded&#8221; background_color=&#8221;black&#8221; size=&#8221;xl&#8221; align=&#8221;center&#8221; css_animation=&#8221;bounceIn&#8221; custom_color=&#8221;#ffffff&#8221;][vc_column_text]<\/p>\n<h4 style=\"text-align: center;\"><span style=\"font-family: 'Josefin Sans'; font-size: 14pt; color: #333333;\"><span style=\"font-family: 'Josefin Sans'; font-weight: 400; font-size: 14pt; color: #333333;\">Banner<\/span><\/span><\/h4>\n<h4 style=\"text-align: center;\"><span style=\"font-family: 'Josefin Sans'; font-weight: 300; font-size: 14pt; color: #333333;\">\u2022 Konzeption<br \/>\n\u2022 Erstellung von Storyboards<br \/>\n\u2022 Umsetzung der Gestaltung<br \/>\n\u2022 Programmierung in as2 \/ html5<br \/>\nin gwd \/ Animate<br \/>\n\u2022 Upload der Bannerformate<br \/>\nin entsprechender kb Gr\u00f6\u00dfe<br \/>\nauf diverse Server\u00a0<\/span><\/h4>\n<p>[\/vc_column_text][\/vc_column][vc_column width=&#8221;1\/3&#8243;][vc_icon icon_fontawesome=&#8221;fa fa-tablet&#8221; color=&#8221;custom&#8221; background_style=&#8221;rounded&#8221; background_color=&#8221;black&#8221; size=&#8221;xl&#8221; align=&#8221;center&#8221; css_animation=&#8221;bounceIn&#8221; custom_color=&#8221;#ffffff&#8221;][vc_column_text]<\/p>\n<h4 style=\"text-align: center;\"><span style=\"font-family: 'Josefin Sans'; font-weight: 300; font-size: 14pt; color: #333333;\"><span style=\"font-family: 'Josefin Sans'; font-weight: 400; font-size: 14pt; color: #333333;\">Web Design<\/span><\/span><\/h4>\n<h4 style=\"text-align: center;\"><span style=\"font-family: 'Josefin Sans'; font-weight: 300; font-size: 14pt; color: #333333;\">\u2022 Konzeption<br \/>\n\u2022 Umsetzung der Gestaltung<br \/>\n\u2022 Microsites<br \/>\n\u2022 Landingpage<br \/>\n\u2022 Responsive Design<br \/>\n\u2022 Mobile<br \/>\n\u2022 WordPress CMS<\/span><\/h4>\n<p>[\/vc_column_text][\/vc_column][\/vc_row][vc_row][vc_column]<hr class=\"small\"><hr class=\"small\">[\/vc_column][\/vc_row][\/vc_section][vc_row][vc_column]<hr class=\"small\"><hr class=\"small\"><hr class=\"small\">[\/vc_column][\/vc_row][vc_row][vc_column][vc_column_text css_animation=&#8221;fadeInDown&#8221;]<\/p>\n<h3 style=\"text-align: center;\">Kontakt<\/h3>\n<h4 style=\"text-align: center;\"><span style=\"font-family: 'Josefin Sans'; font-weight: 300; font-size: 14pt; color: #333333;\">Schreiben Sie mich gerne an, wenn Sie Fragen oder Anregungen haben an:\u00a0<span style=\"font-family: 'Josefin Sans'; font-weight: 400; font-size: 14pt; color: #333333;\">info@antonjung.com<br \/>\n<\/span><\/span><span style=\"font-family: 'Josefin Sans'; font-weight: 300; font-size: 14pt; color: #333333;\">Oder direkt \u00fcber das Kontaktformular.<\/span><\/h4>\n<h4 style=\"text-align: left;\"><\/h4>\n<p>[\/vc_column_text][\/vc_column][\/vc_row][vc_row css_animation=&#8221;fadeIn&#8221;][vc_column]<div role=\"form\" class=\"wpcf7\" id=\"wpcf7-f2383-o2\" lang=\"de-DE\" dir=\"ltr\">\n<div class=\"screen-reader-response\"><p role=\"status\" aria-live=\"polite\" aria-atomic=\"true\"><\/p> <ul><\/ul><\/div>\n<form action=\"\/en\/wp-json\/wp\/v2\/pages\/1795#wpcf7-f2383-o2\" method=\"post\" class=\"wpcf7-form init\" novalidate=\"novalidate\" data-status=\"init\">\n<div style=\"display: none;\">\n<input type=\"hidden\" name=\"_wpcf7\" value=\"2383\" \/>\n<input type=\"hidden\" name=\"_wpcf7_version\" value=\"5.6.4\" \/>\n<input type=\"hidden\" name=\"_wpcf7_locale\" value=\"de_DE\" \/>\n<input type=\"hidden\" name=\"_wpcf7_unit_tag\" value=\"wpcf7-f2383-o2\" \/>\n<input type=\"hidden\" name=\"_wpcf7_container_post\" value=\"0\" \/>\n<input type=\"hidden\" name=\"_wpcf7_posted_data_hash\" value=\"\" \/>\n<\/div>\n<p><font size=\"3\"><center><label> Ihre E-Mail-Adresse<br \/>\n    <span class=\"wpcf7-form-control-wrap\" data-name=\"your-email\"><input type=\"email\" name=\"your-email\" value=\"\" size=\"40\" class=\"wpcf7-form-control wpcf7-text wpcf7-email wpcf7-validates-as-required wpcf7-validates-as-email\" aria-required=\"true\" aria-invalid=\"false\" \/><\/span> <\/label><\/center><\/font><\/p>\n<p><font size=\"3\"><center><label> Nachricht<br \/>\n    <span class=\"wpcf7-form-control-wrap\" data-name=\"your-message\"><textarea name=\"your-message\" cols=\"40\" rows=\"10\" class=\"wpcf7-form-control wpcf7-textarea\" aria-invalid=\"false\"><\/textarea><\/span> <\/label><\/center><\/font><\/p>\n<p><center><input type=\"submit\" value=\"Senden\" class=\"wpcf7-form-control has-spinner wpcf7-submit\" \/><\/center><\/p>\n<div class=\"wpcf7-response-output\" aria-hidden=\"true\"><\/div><\/form><\/div>[\/vc_column][\/vc_row]<\/p>","protected":false},"excerpt":{"rendered":"<p>[vc_row][vc_column width=&#8221;1\/6&#8243;][\/vc_column][vc_column width=&#8221;2\/3&#8243;][vc_column_text css_animation=&#8221;fadeIn&#8221;] Anton Jung Herzlich Willkommen auf meinem Portfolio. Auf meiner Seite stelle ich die Arbeiten vor, an welchen ich \u00fcber Jahre in verschiedenen Werbeagenturen gearbeitet habe. Meine Kernkompetenz liegt innerhalb der Motion Design Kampagnen, gefolgt von der digitalen Welt mit Banner, Web, Social Media und Ideen. Sollte Ihnen etwas gefallen oder Sie [&hellip;]<\/p>\n","protected":false},"author":1,"featured_media":0,"parent":0,"menu_order":0,"comment_status":"closed","ping_status":"closed","template":"","meta":[],"_links":{"self":[{"href":"https:\/\/www.antonjung.com\/en\/wp-json\/wp\/v2\/pages\/1795"}],"collection":[{"href":"https:\/\/www.antonjung.com\/en\/wp-json\/wp\/v2\/pages"}],"about":[{"href":"https:\/\/www.antonjung.com\/en\/wp-json\/wp\/v2\/types\/page"}],"author":[{"embeddable":true,"href":"https:\/\/www.antonjung.com\/en\/wp-json\/wp\/v2\/users\/1"}],"replies":[{"embeddable":true,"href":"https:\/\/www.antonjung.com\/en\/wp-json\/wp\/v2\/comments?post=1795"}],"version-history":[{"count":73,"href":"https:\/\/www.antonjung.com\/en\/wp-json\/wp\/v2\/pages\/1795\/revisions"}],"predecessor-version":[{"id":2891,"href":"https:\/\/www.antonjung.com\/en\/wp-json\/wp\/v2\/pages\/1795\/revisions\/2891"}],"wp:attachment":[{"href":"https:\/\/www.antonjung.com\/en\/wp-json\/wp\/v2\/media?parent=1795"}],"curies":[{"name":"wp","href":"https:\/\/api.w.org\/{rel}","templated":true}]}}